{"id":113,"date":"2017-11-29T08:44:19","date_gmt":"2017-11-29T13:44:19","guid":{"rendered":"http:\/\/www.saludarequipa.gob.pe\/aclas\/?page_id=113"},"modified":"2024-06-17T22:15:11","modified_gmt":"2024-06-18T03:15:11","slug":"asociacion-clas","status":"publish","type":"page","link":"https:\/\/www.saludarequipa.gob.pe\/aclas\/asociacion-clas\/","title":{"rendered":"Asociaciones  &#8211; CLAS"},"content":{"rendered":"<h2>2024<\/h2>\n<ul>\n<li><a href=\"http:\/\/www.saludarequipa.gob.pe\/aclas\/wp-content\/uploads\/2017\/11\/OFICIO_088-2024.pdf\">INSTRUCTIVO N\u00b0 001-2018-GRA\/GRS\/GR-OEA-OE-ACLAS &#8212; FORMATOS DE EJECUCION DE INGRESOS Y GASTOS POR FUENTE DE FINANCIAMINETO PARA ASOCIACIONES CLAS DE LA GERENCIA REGIONAL DE SALUD AREQUIPA<\/a><\/li>\n<\/ul>\n<h2>2022<\/h2>\n<ul>\n<li><a href=\"https:\/\/www.saludarequipa.gob.pe\/aclas\/wp-content\/uploads\/2017\/11\/1.-GUIA-DE-EVALUACION-A-LAS-CLAS-2021-FINAL..docx\">GUIA DE EVALUACION A LAS CLAS- 2021 FINAL<\/a><\/li>\n<li><a href=\"https:\/\/www.saludarequipa.gob.pe\/aclas\/wp-content\/uploads\/2017\/11\/CIERRE-DE-GESTION-2021.docx\">CIERRE DE GESTION 2021<\/a><\/li>\n<\/ul>\n<h2>2021<\/h2>\n<ul>\n<li><a href=\"https:\/\/www.sis.gob.pe\/ipresspublicas\/transferencias.html\">TABLEROS DE CONTROL DEL SEGURO INTEGRAL DE SALUD (SIS)<\/a><\/li>\n<li><a href=\"https:\/\/www.saludarequipa.gob.pe\/aclas\/wp-content\/uploads\/2017\/11\/MES-DE-ABRIL.xlsx\">SITUACION DE ASAMBLEAS, CONCEJOS DIRECTIVOS, GERENCIAS Y ESTADO DE DOCUMENTOS DE LA GESTION DE LOS CLAS &#8211; ABRIL 2021<\/a><\/li>\n<li><a href=\"https:\/\/www.saludarequipa.gob.pe\/aclas\/wp-content\/uploads\/2017\/11\/PLAN-DE-SALUD-LOCAL-2021-OFICIAL.xlsx\">PLAN DE SALUD LOCAL 2021 OFICIAL<\/a><\/li>\n<li><a href=\"https:\/\/www.saludarequipa.gob.pe\/aclas\/wp-content\/uploads\/2021\/02\/2.-INSTRUCTIVO-CIERRE-DE-GESTION-2019.docx\">INSTRUCTIVO CIERRE DE GESTION<\/a><\/li>\n<li><a href=\"https:\/\/www.saludarequipa.gob.pe\/aclas\/wp-content\/uploads\/2021\/02\/FORMATOS-CIERRE-DE-GESTION-2019.xls\">FORMATOS CIERRE DE GESTION<\/a><\/li>\n<li><a href=\"https:\/\/www.saludarequipa.gob.pe\/aclas\/wp-content\/uploads\/2021\/02\/1.-GUIA-DE-EVALUACION-A-LAS-CLAS-2020-APORTES-RUPERTO.docx\">GUIA DE EVALUACI\u00d3N A LAS CLAS<\/a><\/li>\n<\/ul>\n<h2><strong>2020<\/strong><\/h2>\n<ul>\n<li><a href=\"https:\/\/www.saludarequipa.gob.pe\/aclas\/wp-content\/uploads\/2017\/11\/MES-DE-ENERO.xlsx\">SITUACION DE LAS ASAMBLEAS, CONSEJOS DIRECTIVOS Y GERENCIAS A DICIEMBRE 2020<\/a><\/li>\n<li><a href=\"https:\/\/www.saludarequipa.gob.pe\/aclas\/wp-content\/uploads\/2017\/11\/ENERO.xlsx\"> ESTADO DE LOS DOCUMENTOS DE GESTION DE LAS CLAS A DICIEMBRE 2020<\/a><\/li>\n<li><a href=\"https:\/\/www.saludarequipa.gob.pe\/aclas\/wp-content\/uploads\/2017\/11\/PPT-COGESTION-EN-SALUD.pptx\">COGESTION EN SALUD &#8211; Presentaci\u00f3n<\/a><\/li>\n<li><a href=\"https:\/\/www.saludarequipa.gob.pe\/aclas\/wp-content\/uploads\/2020\/11\/DOCUMENTOS-DE-GESTION-CLAS-OCTUBRE-2020.xlsx\">Estado de los documentos de Gesti\u00f3n de las CLAS a octubre 2020.<\/a><\/li>\n<li><a href=\"https:\/\/www.saludarequipa.gob.pe\/aclas\/wp-content\/uploads\/2020\/11\/SITUACION-DE-ASAMBLEAS-CONSEJOS-DIRECTIVOS-GERENTES-OCTUBRE.-2020.xlsx\">Estado de las Asambleas, Consejos Directivos y de las Gerencias de las CLAS a octubre 2020.<\/a><\/li>\n<li><a href=\"https:\/\/www.saludarequipa.gob.pe\/aclas\/wp-content\/uploads\/2017\/11\/DOCUMENTOS-DE-GESTION-CLAS-AGOSTO-2020.xlsx\">DOCUMENTOS DE GESTION CLAS AGOSTO 2020. [14 AGO 2020]<\/a><\/li>\n<li><a href=\"https:\/\/www.saludarequipa.gob.pe\/aclas\/wp-content\/uploads\/2017\/11\/SITUACION-DE-ASAMBLEAS-CONSEJOS-DIRECTIVOS-GERENTES-AGOSTO-2020.xlsx\">SITUACION DE ASAMBLEAS-CONSEJOS DIRECTIVOS GERENTES AGOSTO 2020. [14 AGO 2020]<\/a><\/li>\n<li><a href=\"https:\/\/www.saludarequipa.gob.pe\/aclas\/wp-content\/uploads\/2017\/11\/SITUACION-DE-ASAMBLEAS-CONSEJOS-DIRECTIVOS-GERENTES-MAYO-2020.docx\">SITUACION DE ASAMBLEAS CONSEJOS DIRECTIVOS GERENTES MAYO 2020. [15 JUN 2020]<\/a><\/li>\n<li><a href=\"https:\/\/www.saludarequipa.gob.pe\/aclas\/wp-content\/uploads\/2017\/11\/ESTADO-DE-LOS-DOCUMENTOS-DE-GESTION-DE-LAS-CLAS-A-MAYO-2020.docx\">ESTADO DE LOS DOCUMENTOS DE GESTION DE LAS CLAS GERESA AREQUIPA A MAYO 2020. [15 JUN 2020]<\/a><\/li>\n<li><a href=\"https:\/\/www.saludarequipa.gob.pe\/aclas\/wp-content\/uploads\/2017\/11\/ESTADO-DE-LOS-DOCUMENTOS-DE-GESTION-DE-LAS-CLAS-A-FEBRERO-2020.docx\">ESTADO DE LOS DOCUMENTOS DE GESTION DE LAS CLAS GERESA AREQUIPA A FEBRERO 2020. [13 ABR 2020]<\/a><\/li>\n<li><a href=\"https:\/\/www.saludarequipa.gob.pe\/aclas\/archivos\/2019\/TABLERO DE CONTROL CLAS 2019.xlsx\">Tablero de Control de Tiempos 2020.<\/a><\/li>\n<li><a href=\"https:\/\/www.saludarequipa.gob.pe\/aclas\/wp-content\/uploads\/2017\/11\/SITUACION-DE-ASAMBLEAS-CONSEJOS-DIRECTIVOS-GERENTES-ENERO-2020.docx\" rel=\"noopener\">ESTADO DE LAS ASAMBLEAS CONSEJOS DIRECTIVOS Y GERENCIAS DE LAS CLAS GERESA AREQUIPA A ENERO 2020. [27 Ene 2020]<\/a><\/li>\n<li><a href=\"https:\/\/www.saludarequipa.gob.pe\/aclas\/wp-content\/uploads\/2017\/11\/ESTADO-DE-LOS-DOCUMENTOS-DE-GESTION-DE-LAS-CLAS-A-DICIEMBRE-2019.docx\" rel=\"noopener\">ESTADO DE LOS DOCUMENTOS DE GESTION DE LAS CLAS GERESA AREQUIPA A DICIEMBRE 2019. [23 Ene 2020]<\/a><\/li>\n<\/ul>\n<h2><strong>2019<\/strong><\/h2>\n<ul>\n<li><a href=\"https:\/\/www.saludarequipa.gob.pe\/aclas\/wp-content\/uploads\/2017\/11\/ESTADO-DE-LOS-DOCUMENTOS-DE-GESTION-DE-LAS-CLAS-A-NOVIEMBRE.docx\" rel=\"noopener\">ESTADO DE LOS DOCUMENTOS DE GESTION DE LAS CLAS GERESA AREQUIPA A NOVIEMBRE 2019. [20 Dic 2019]<\/a><\/li>\n<li><a href=\"https:\/\/www.saludarequipa.gob.pe\/aclas\/wp-content\/uploads\/2017\/11\/ESTADO-DE-LOS-DOCUMENTOS-DE-GESTION-DE-LAS-CLAS-A-OCTUBRE-2019.docx\" rel=\"noopener\">ESTADO DE LOS DOCUMENTOS DE GESTION DE LAS CLAS GERESA AREQUIPA A OCTUBRE 2019. [11 Nov 2019]<\/a><\/li>\n<li><a href=\"https:\/\/www.saludarequipa.gob.pe\/aclas\/wp-content\/uploads\/2017\/11\/Monitoreo-psl-2019.zip\" rel=\"noopener\">MONITOREO Y EVALUACI\u00d3N DEL PSL 2019. [08 Nov 2019]<\/a><\/li>\n<li><a href=\"https:\/\/www.saludarequipa.gob.pe\/aclas\/archivos\/2019\/TABLERO DE CONTROL CLAS 2019.xlsx\">Tablero de Control de Tiempos 2020. [28 Oct 2019]<\/a><\/li>\n<li><a href=\"https:\/\/www.saludarequipa.gob.pe\/aclas\/archivos\/2019\/ESTADO DE LOS DOCUMENTOS DE GESTION DE LAS CLAS A SEPTIEMBRE.docx\">Documentos de Gesti\u00f3n de las CLAS de la Gerencia Regional de Salud Arequipa a Septiembre del 2019. [18 Oct 2019]<\/a><\/li>\n<li><a href=\"https:\/\/www.saludarequipa.gob.pe\/aclas\/wp-content\/uploads\/2017\/11\/ESTADO-DE-LOS-DOCUMENTOS-DE-GESTION-DE-LAS-CLAS.docx\">Monitoreo mensual de los documentos de gesti\u00f3n de las CLAS al mes de Agosto. [28 Ago 2019]<\/a><\/li>\n<li><a href=\"https:\/\/www.saludarequipa.gob.pe\/aclas\/archivos\/2019\/TABLERO DE CONTROL CLAS 2019.xlsx\">Tablero de Control de Tiempos. [27 Jun 2019]<\/a><\/li>\n<\/ul>\n<h2><strong>2018<\/strong><\/h2>\n<ul>\n<li><a href=\"https:\/\/www.saludarequipa.gob.pe\/aclas\/archivos\/2018\/RGR 1441-2018 Competencias Geresa y Redes.pdf\" target=\"_blank\" rel=\"noopener\">RGR 1441-2018 Competencias a desarrollar en la Gerencia Regional de Salud Arequipa y en las Redes de servicios de salud en el marco de la ley de Cogesti\u00f3n<\/a><\/li>\n<li><a href=\"https:\/\/www.saludarequipa.gob.pe\/aclas\/archivos\/2018\/1.- Guia de evaluacion de las asociaciones CLAS 2018.docx\">1.- Guia de evaluacion de las asociaciones CLAS 2018<\/a><\/li>\n<li><a href=\"https:\/\/www.saludarequipa.gob.pe\/aclas\/archivos\/2018\/2 .- Instructivo para el cierre de gestion 2018.rar\">2.- Instructivo para el cierre de gestion del a\u00f1o 2018 de las asociaciones CLAS <\/a><\/li>\n<\/ul>\n<h4>Formatos de Ejecuci\u00f3n de Ingresos y Gastos por Fuentes de Financiamiento para ACLAS de la Gerencia de Salud Arequipa<\/h4>\n<ol>\n<li type=\"circle\"><a href=\"https:\/\/www.saludarequipa.gob.pe\/aclas\/archivos\/2018\/formatos\/INGRESOS Y GASTOS RDR.xlsx\">Formato Ingresos y Gastos RDR.<\/a><\/li>\n<li type=\"circle\"><a href=\"https:\/\/www.saludarequipa.gob.pe\/aclas\/archivos\/2018\/formatos\/SISMED.xlsx\">Formato SISMED.<\/a><\/li>\n<li type=\"circle\"><a href=\"https:\/\/www.saludarequipa.gob.pe\/aclas\/archivos\/2018\/formatos\/RO.xlsx\">Formato RO.<\/a><\/li>\n<li type=\"circle\"><a href=\"https:\/\/www.saludarequipa.gob.pe\/aclas\/archivos\/2018\/formatos\/FORMATOS CLAS.xlsx\">Formato CLAS.<\/a><\/li>\n<\/ol>\n<ul>\n<li><a href=\"https:\/\/www.saludarequipa.gob.pe\/aclas\/archivos\/2018\/Acta de Sesion Estraordinaria de la Asamble CLAS Pampacolca.pdf\" target=\"_BLANK\">Acta de Sesion Estraordinaria de la Asamblea CLAS Pampacolca (09 Oct 2018)<\/a><\/li>\n<li><a href=\"https:\/\/www.saludarequipa.gob.pe\/aclas\/archivos\/2018\/Informe de Evaluacion del Convenio de Cogestion.pdf\" target=\"_BLANK\">Informe de Evaluaci\u00f3n del Convenio de Cogesti\u00f3n Firmado Entre La Asociaci\u00f3n CLAS Pampacolca El Gobierno Local de Pampacolca y la Gerencia Regional de Salud Arequipa (Nov 2018)<\/a><\/li>\n<li><a href=\"https:\/\/www.saludarequipa.gob.pe\/aclas\/archivos\/2018\/Apertura y Funcionamiento de Establecimientos Farmaceuticos en las comunidades locales.pdf\" target=\"_BLANK\">Directiva N\u00ba 002-2018 : Apertura y funcionamientos de establecimientos farmaceuticos en las asociaciones comunidades locales de administracion de servicios de salud (CLAS) del ambito de la Gerencia Regional de Salud Arequipa<\/a><\/li>\n<li><a href=\"https:\/\/www.saludarequipa.gob.pe\/aclas\/archivos\/2018\/Lineamientos para realizar el proceso de seleccion en el regimen 728.pdf\" target=\"_BLANK\">Directiva N\u00ba 001-2018: Lineamientos para realizar el proceso de selecci\u00f3n y contrataci\u00f3n del personal en el r\u00e9gimen laboral 728 para las asociaciones CLAS del \u00e1mbito de la Gerencia Regional de Salud Arequipa.<\/a><\/li>\n<li><a href=\"https:\/\/www.saludarequipa.gob.pe\/aclas\/archivos\/2018\/aficheaclas.zip\" target=\"_BLANK\">Afiche para Convocar la Conformaci\u00f3n de la Asamblea General de las Asociaciones CLAS de la Gerencia Regional de Salud Arequipa. (17 Setiembre 2018)<\/a><\/li>\n<li><a href=\"https:\/\/www.saludarequipa.gob.pe\/aclas\/archivos\/2018\/Retificacion de Gerente - ACLAS en zona rural.pdf\" target=\"_BLANK\">Ratificaci\u00f3n de Gerente &#8211; ACLAS ubicadas en zona rural (08 Agosto 2018)<\/a><\/li>\n<li><a href=\"https:\/\/www.saludarequipa.gob.pe\/aclas\/archivos\/2018\/COMUNICADO DE LOS CONVENIOS.pdf\" target=\"_BLANK\">Comunicado Convenios de Cogesti\u00f3n (08 Agosto 2018)<\/a><\/li>\n<li><a href=\"https:\/\/www.saludarequipa.gob.pe\/aclas\/archivos\/2018\/ESTADO DE LOS CONVENIOS A JULIO.pdf\" target=\"_BLANK\">Estado de firma de convenios de Cogesti\u00f3n de las Asociaciones clas por Redes de Salud- Geresa Arequipa al 31 de julio 2018.<\/a><\/li>\n<li><a href=\"https:\/\/www.saludarequipa.gob.pe\/aclas\/archivos\/2018\/ACLAS RURAL URBANO.pdf\" target=\"_BLANK\">Asociaciones CLAS Rurales o Urbanas &#8211; GERESA Arequipa<\/a><\/li>\n<li><a href=\"https:\/\/www.saludarequipa.gob.pe\/aclas\/archivos\/2018\/RGR 0683-2018 Lineamientos para la contratacion y pago de bienes y servicios2.pdf\" target=\"_BLANK\">RGR N\u00ba 0683-2018 &#8211; \u00abLineamientos para la contrataci\u00f3n y pago de bienes y servicios en las asociaciones CLAS del \u00e1mbito de la Gerencia Regional de Salud Arequipa\u00bb.<\/a><\/li>\n<li><a href=\"https:\/\/www.saludarequipa.gob.pe\/aclas\/wp-content\/uploads\/2017\/11\/Presentacion_CONVENIOS-DE-COGESTION.pptx\">Presentaci\u00f3n Convenios de Congesti\u00f3n (Julio 2018)<\/a><\/li>\n<li><a href=\"https:\/\/www.saludarequipa.gob.pe\/aclas\/archivos\/2018\/Video ACLAS 2018.mp4\">Video ACLAS (JUN 2018) <\/a><\/li>\n<li><a href=\"https:\/\/www.saludarequipa.gob.pe\/aclas\/wp-content\/uploads\/2018\/06\/CONFORMACION-DE-LA-ASAMBLEA-Y-CD.pptx\" rel=\"noopener\">CONFORMACION DE LA ASAMBLEA Y CONSEJO DIRECTIVO DE LAS ASOCIACIONES CLAS<\/a><\/li>\n<li><a href=\"https:\/\/www.saludarequipa.gob.pe\/aclas\/archivos\/2018\/Directiva N 0102010-GRA.pdf\" target=\"_BLANK\">Directiva \u00abLineamientos para la Implementacion de la Ley N 29124 y su Decreto Supremo N 017-2008-SA, Ley de Cogesti\u00f3n y Participaci\u00f3n Ciudadana, para el Primer Nivel de Atenci\u00f3n en los Establecimientos de Salud en el Gobierno Regional de Arequipa\u00bb <\/a><\/li>\n<li><a href=\"https:\/\/www.saludarequipa.gob.pe\/aclas\/archivos\/2018\/PLAN DE SALUD LOCAL (PSL) 2018 23052018.xlsx\"> PLAN DE SALUD LOCAL (PSL) 2018<\/a><\/li>\n<li><a href=\"https:\/\/www.saludarequipa.gob.pe\/aclas\/archivos\/2018\/aclasbuenosaires.pdf\" target=\"_BLANK\">Supervisi\u00f3n del MINSA en ACLAS Buenos Aires de Cayma (08 May 2018) <\/a><\/li>\n<li><a href=\"https:\/\/www.saludarequipa.gob.pe\/aclas\/archivos\/2018\/psl 2018.pptx\">Ponencia sobre PSL reuni\u00f3n mes de Abril<\/a><\/li>\n<li><a href=\"https:\/\/www.saludarequipa.gob.pe\/aclas\/archivos\/2018\/INSTRUCTIVO-CIERRE-DE-GESTI\u00d3N-DEL-A\u00d1O-2017-DE-LAS-CLAS-2017.docx\">Instructivo Cierre de Gesti\u00f3n 2017 (Mejorado de acuerdo a la Reuni\u00f3n del d\u00eda 10\/04\/2018).<\/a><\/li>\n<li><a href=\"https:\/\/www.saludarequipa.gob.pe\/aclas\/archivos\/2018\/ESTADO DE LOS CONVENIOS CLAS.docx\">ESTADO DE FIRMA DE CONVENIOS DE COGESTION DE LAS ASOCIACIONES CLAS POR REDES DE SALUD-GERESA AREQUIPA (Marzo 2018)<\/a><\/li>\n<li><a href=\"https:\/\/www.saludarequipa.gob.pe\/aclas\/wp-content\/uploads\/2018\/03\/CONVENIO MARCO_COGESTION_MARZO2018.docx\">Convenio Marco De Cogestion Entre: El Gobierno Regional De Arequipa, Gobierno Local Y Asociaci\u00f3n Clas (23 Marzo 2017)<\/a><\/li>\n<li><a href=\"https:\/\/www.saludarequipa.gob.pe\/aclas\/wp-content\/uploads\/2018\/01\/PLAZOS PARA ENTREGA DE DOCUMENTOS DE COGESTI\u00d3N.docx\" rel=\"noopener\">PLAZOS PARA ENTREGA DE DOCUMENTOS DE COGESTI\u00d3N<\/a><\/li>\n<li><a href=\"https:\/\/www.saludarequipa.gob.pe\/aclas\/wp-content\/uploads\/2018\/01\/INFORME-TRIMESTRAL-DE-LAS-ASOCIACIONES-CLAS-2018.pdf\" target=\"_blank\" rel=\"noopener\">INFORME TRIMESTRAL DE LAS ASOCIACIONES CLAS &#8211; 2018<\/a><\/li>\n<li><a href=\"https:\/\/www.saludarequipa.gob.pe\/aclas\/wp-content\/uploads\/2018\/01\/INSTRUCTIVO-CIERRE-DE-GESTI\u00d3N-DE-LAS-CLAS-A\u00d1O-2017.pdf\" target=\"_blank\" rel=\"noopener\">INSTRUCTIVO-CIERRE-DE-GESTI\u00d3N-DE-LAS-CLAS-A\u00d1O 2017<\/a><\/li>\n<li><a href=\"https:\/\/www.saludarequipa.gob.pe\/aclas\/wp-content\/uploads\/2018\/01\/GU\u00cdA-PARA-LA-EVALUACI\u00d3N-T\u00c9CNICA-ANUAL-REGIONAL-DE-LAS-CLAS-DEL-A\u00d1O-2017.pdf\" target=\"_blank\" rel=\"noopener\">GU\u00cdA PARA LA EVALUACI\u00d3N T\u00c9CNICA ANUAL REGIONAL DE LAS CLAS DEL A\u00d1O 2017<\/a><\/li>\n<\/ul>\n<h2><strong>2017<\/strong><\/h2>\n<ul>\n<li><a href=\"https:\/\/www.saludarequipa.gob.pe\/aclas\/wp-content\/uploads\/2017\/07\/resolucion-659_optimize.pdf\" target=\"_blank\" rel=\"noopener\">Resoluci\u00f3n Gerencial Regional de Salud &#8211; N\u00b0 0659-2017-GRA\/GRS\/GR-OERRHH Que APRUEBA LA DIRECTIVA PARA LA PRECALIFICACI\u00d3N DE LA TERNA DE CANDIDATOS A LAS GERENCIAS DE LAS ASOCIACIONES CLAS DE LA GERENCIA REGIONAL DE SALUD AREQUIPA<\/a><\/li>\n<li><a href=\"https:\/\/www.saludarequipa.gob.pe\/aclas\/wp-content\/uploads\/2017\/11\/Directiva-Para-Evaluacion-Anual-Gerentes.pdf\" target=\"_blank\" rel=\"noopener\">Directiva Para La Evaluaci\u00f3n Anual De Los Gerentes De Las Asociaciones CLAS De La GERESA<\/a><\/li>\n<li><a href=\"..\/archivos\/2017\/CONVENIO MARCO_COGESTION.docx\">Convenio Marco De Cogestion Entre: El Gobierno Regional De Arequipa, Gobierno Local Y Asociaci\u00f3n Clas <\/a><\/li>\n<li><a href=\"..\/archivos\/2017\/Formatos para Eval Trim CLAS 2017.doc\">Formato para Evaluaci\u00f3n Trimestral CLAS 2017 &#8211; 02 de Agosto 2017 <\/a><\/li>\n<li><a href=\"..\/archivos\/2017\/acta de reunion de directorio 02082017.pdf\" target=\"_blank\" rel=\"noopener\">Acta de Reuni\u00f3n de Directorio de Presidentes de CLAS de la Regi\u00f3n Arequipa &#8211; 02 de Agosto 2017 <\/a><\/li>\n<li><a href=\"..\/archivos\/2017\/Flujograma Convenio Cogestion.pdf\" target=\"_blank\" rel=\"noopener noreferrer\">Flujograma Convenio Cogestion<\/a><\/li>\n<li><a href=\"http:\/\/www.saludarequipa.gob.pe\/aclas\/wp-content\/uploads\/2017\/07\/MODELO-DE-ACTAS-DE-ENTREGA-DE-CARGO-DE-GERENTE-JEFE-DE-MICRORED-Y-CONSEJO-DIRECTIVO-DE-LAS-CLAS.pdf\">MODELO DE ACTAS DE ENTREGA DE CARGO DE GERENTE-JEFE DE MICRORED Y CONSEJO DIRECTIVO DE LAS CLAS<\/a><\/li>\n<li><a href=\"http:\/\/www.saludarequipa.gob.pe\/aclas\/wp-content\/uploads\/2017\/07\/SOBRE-LA-ELECCION-DEL-REPRESENTANTE-DEL-GOBIERNO-REGIONAL-Y-LA-EJECUCION-DE-SALDOS-DE-TRANFERENCIAS-DE-TESORIO-PUBLICO.pdf\" target=\"_blank\" rel=\"noopener\">SOBRE LA ELECCION DEL REPRESENTANTE DEL GOBIERNO REGIONAL Y LA EJECUCION DE SALDOS DE TRANFERENCIAS DE TESORIO PUBLICO<\/a><\/li>\n<li><a href=\"http:\/\/www.saludarequipa.gob.pe\/aclas\/wp-content\/uploads\/2017\/07\/GU\u00cdA-PARA-LA-EVALUACI\u00d3N-T\u00c9CNICA-ANUAL-REGIONAL-DE-LAS-CLAS-DEL-A\u00d1O-2016.pdf\" target=\"_blank\" rel=\"noopener\">GU\u00cdA PARA LA EVALUACI\u00d3N T\u00c9CNICA ANUAL REGIONAL DE LAS CLAS DEL A\u00d1O 2016<\/a><\/li>\n<li><a href=\"http:\/\/www.saludarequipa.gob.pe\/aclas\/wp-content\/uploads\/2017\/07\/INSTRUCTIVO-CIERRE-DE-GESTI\u00d3N-DEL-A\u00d1O-2016-DE-LAS-CLAS-2016.pdf\" target=\"_blank\" rel=\"noopener\">INSTRUCTIVO CIERRE DE GESTI\u00d3N DEL A\u00d1O 2016 DE LAS CLAS 2016<\/a><\/li>\n<\/ul>\n","protected":false},"excerpt":{"rendered":"<p>2024 INSTRUCTIVO N\u00b0 001-2018-GRA\/GRS\/GR-OEA-OE-ACLAS &#8212; FORMATOS DE EJECUCION DE INGRESOS Y GASTOS POR FUENTE DE FINANCIAMINETO PARA ASOCIACIONES CLAS DE LA GERENCIA REGIONAL DE SALUD AREQUIPA 2022 GUIA DE EVALUACION A LAS CLAS- 2021 FINAL CIERRE DE GESTION 2021 2021 TABLEROS DE CONTROL DEL SEGURO INTEGRAL DE SALUD (SIS) SITUACION DE ASAMBLEAS, CONCEJOS DIRECTIVOS, GERENCIAS [&hellip;]<\/p>\n","protected":false},"author":1,"featured_media":0,"parent":0,"menu_order":0,"comment_status":"closed","ping_status":"closed","template":"","meta":{"footnotes":""},"class_list":["post-113","page","type-page","status-publish","hentry"],"_links":{"self":[{"href":"https:\/\/www.saludarequipa.gob.pe\/aclas\/wp-json\/wp\/v2\/pages\/113","targetHints":{"allow":["GET"]}}],"collection":[{"href":"https:\/\/www.saludarequipa.gob.pe\/aclas\/wp-json\/wp\/v2\/pages"}],"about":[{"href":"https:\/\/www.saludarequipa.gob.pe\/aclas\/wp-json\/wp\/v2\/types\/page"}],"author":[{"embeddable":true,"href":"https:\/\/www.saludarequipa.gob.pe\/aclas\/wp-json\/wp\/v2\/users\/1"}],"replies":[{"embeddable":true,"href":"https:\/\/www.saludarequipa.gob.pe\/aclas\/wp-json\/wp\/v2\/comments?post=113"}],"version-history":[{"count":124,"href":"https:\/\/www.saludarequipa.gob.pe\/aclas\/wp-json\/wp\/v2\/pages\/113\/revisions"}],"predecessor-version":[{"id":439,"href":"https:\/\/www.saludarequipa.gob.pe\/aclas\/wp-json\/wp\/v2\/pages\/113\/revisions\/439"}],"wp:attachment":[{"href":"https:\/\/www.saludarequipa.gob.pe\/aclas\/wp-json\/wp\/v2\/media?parent=113"}],"curies":[{"name":"wp","href":"https:\/\/api.w.org\/{rel}","templated":true}]}}