{"id":120,"date":"2017-12-04T07:53:00","date_gmt":"2017-12-04T12:53:00","guid":{"rendered":"http:\/\/www.saludarequipa.gob.pe\/aclas\/?page_id=120"},"modified":"2020-02-20T14:50:25","modified_gmt":"2020-02-20T19:50:25","slug":"cig-nba","status":"publish","type":"page","link":"https:\/\/www.saludarequipa.gob.pe\/aclas\/cig-nba\/","title":{"rendered":"CIG &#8211; NBA"},"content":{"rendered":"<h4>2020<\/h4>\n<ul>\n<li><a style=\"color: #c82300;\" href=\"http:\/\/www.saludarequipa.gob.pe\/aclas\/wp-content\/uploads\/2017\/12\/ACTA-ACUERDOS-CIG-NBA-2020-ENERO.pdf\" target=\"_BLANK\" rel=\"noopener\">Acta de Reuni\u00f3n de Comit\u00e9 Integrado de Gesti\u00f3n del Nivel B\u00e1sico de Atenci\u00f3n CIG-NBA (ENERO &#8211; 2020)<\/a><\/li>\n<li><a href=\"http:\/\/saludarequipa.gob.pe\/wp\/wp-content\/uploads\/2020\/01\/Anemia-a-diciembre-2019.pdf\" target=\"_BLANK\" rel=\"noopener\">Presentaci\u00f3n Anemia a Diciembre 2019 (ENERO &#8211; 2020)<\/a><\/li>\n<li><a href=\"http:\/\/saludarequipa.gob.pe\/cignba\/RED REGIONAL DE TELESALUD.pptx\" target=\"_BLANK\" rel=\"noopener\">Presentaci\u00f3n TELESALUD (ENERO &#8211; 2020)<\/a><\/li>\n<li><a href=\"http:\/\/saludarequipa.gob.pe\/cignba\/REGION_AREQUIPA_NEGOCIACION_2020.pdf\" target=\"_BLANK\" rel=\"noopener\">Presentaci\u00f3n Seguro Integral de Salud SIS (ENERO &#8211; 2020)<\/a><\/li>\n<\/ul>\n<h4>2019<\/h4>\n<ul>\n<li><a style=\"color: #c82300;\" href=\"http:\/\/www.saludarequipa.gob.pe\/aclas\/wp-content\/uploads\/2017\/12\/acta_reunion_mayo2019.pdf\" target=\"_BLANK\" rel=\"noopener\">Acta de Reuni\u00f3n de Comit\u00e9 Integrado de Gesti\u00f3n del Nivel B\u00e1sico de Atenci\u00f3n CIG-NBA (MAYO &#8211; 2019)<\/a><\/li>\n<li><a style=\"color: #c82300;\" href=\"http:\/\/www.saludarequipa.gob.pe\/aclas\/wp-content\/uploads\/2017\/12\/Acta-CIG-NBA-abril-2019.pdf\" target=\"_BLANK\" rel=\"noopener\">Acta de Reuni\u00f3n de Comit\u00e9 Integrado de Gesti\u00f3n del Nivel B\u00e1sico de Atenci\u00f3n CIG-NBA (ABR &#8211; 2019)<\/a><\/li>\n<li><a style=\"color: #c82300;\" href=\"http:\/\/www.saludarequipa.gob.pe\/aclas\/archivos\/2019\/ACTA MARZO 2019.docx\" target=\"_BLANK\" rel=\"noopener\">Acta de Reuni\u00f3n de Comit\u00e9 Integrado de Gesti\u00f3n del Nivel B\u00e1sico de Atenci\u00f3n CIG-NBA (MAR &#8211; 2019)<\/a><\/li>\n<\/ul>\n<h4>2018<\/h4>\n<ul>\n<li><a style=\"color: #c82300;\" href=\"http:\/\/www.saludarequipa.gob.pe\/aclas\/archivos\/2018\/ACTA DICIEMBRE 2018.pdf\" target=\"_BLANK\" rel=\"noopener\">Acta de Reuni\u00f3n de Comit\u00e9 Integrado de Gesti\u00f3n del Nivel B\u00e1sico de Atenci\u00f3n CIG-NBA (DIC 2018)<\/a><\/li>\n<li><a style=\"color: #c82300;\" href=\"http:\/\/www.saludarequipa.gob.pe\/aclas\/archivos\/2018\/ActaReunionOctubre.pdf\" target=\"_BLANK\" rel=\"noopener\">Acta de Reuni\u00f3n de Comit\u00e9 Integrado de Gesti\u00f3n del Nivel B\u00e1sico de Atenci\u00f3n CIG-NBA (OCT 2018)<\/a><\/li>\n<li><a style=\"color: #c82300;\" href=\"http:\/\/www.saludarequipa.gob.pe\/aclas\/archivos\/2018\/ActaReunionSetiembre.pdf\" target=\"_BLANK\" rel=\"noopener\">Acta de Reuni\u00f3n de Comit\u00e9 Integrado de Gesti\u00f3n del Nivel B\u00e1sico de Atenci\u00f3n CIG-NBA (SET 2018)<\/a><\/li>\n<li><a style=\"color: #c82300;\" href=\"http:\/\/www.saludarequipa.gob.pe\/aclas\/archivos\/2018\/ActaReunionAgosto.pdf\" target=\"_BLANK\" rel=\"noopener\">Acta de Reuni\u00f3n de Comit\u00e9 Integrado de Gesti\u00f3n del Nivel B\u00e1sico de Atenci\u00f3n CIG-NBA (AGO 2018)<\/a><\/li>\n<li><a href=\"http:\/\/www.saludarequipa.gob.pe\/aclas\/wp-content\/uploads\/2017\/12\/CONVENIOS-DE-CONBGESTION-A-JULIO-2018.pptx\"  rel=\"noopener\"> Situaci\u00f3n de los Convenios de Cogestion de las Asociaciones CLAS <\/a><\/li>\n<li><a style=\"color: #c82300;\" href=\"http:\/\/www.saludarequipa.gob.pe\/aclas\/archivos\/2018\/ActaReunionJulio.pdf\" target=\"_BLANK\" rel=\"noopener\">Acta de Reuni\u00f3n de Comit\u00e9 Integrado de Gesti\u00f3n del Nivel B\u00e1sico de Atenci\u00f3n CIG-NBA (JUL 2018)<\/a><\/li>\n<li><a href=\"http:\/\/www.saludarequipa.gob.pe\/aclas\/archivos\/2018\/TELESALUD.pptx\"  rel=\"noopener\">Presentaci\u00f3n &#8211; Atenci\u00f3n M\u00e9dica en Tiempo Real &#8211; TELESALUD<\/a><\/li>\n<li><a  href=\"http:\/\/www.saludarequipa.gob.pe\/aclas\/archivos\/2018\/PPT e-QHALI.pptx\"  rel=\"noopener\">Presentaci\u00f3n &#8211; Historias Cl\u00ednicas Electr\u00f3nicas e-QHALI<\/a><\/li>\n<li><a  href=\"http:\/\/www.saludarequipa.gob.pe\/aclas\/archivos\/2018\/PROCEDIMIENTO SANCIONADOR_GRS - 2018.ppt\"  rel=\"noopener\">R\u00e9gimen Disciplinario y Procedimiento Sancionador SERVIR<\/a><\/li>\n<li><a style=\"color: #c82300;\" href=\"http:\/\/www.saludarequipa.gob.pe\/aclas\/archivos\/2018\/CIG-NBA JUNIO 2018.pdf\" target=\"_BLANK\" rel=\"noopener\">Acta de Reuni\u00f3n de Comit\u00e9 Integrado de Gesti\u00f3n del Nivel B\u00e1sico de Atenci\u00f3n CIG-NBA (JUN 2018)<\/a><\/li>\n<li><a href=\"http:\/\/www.saludarequipa.gob.pe\/aclas\/archivos\/2018\/Acta de Acuerdos MINSA-Gobierno Regional 0203Junio2018.pdf\" target=\"_BLANK\" rel=\"noopener\">Acta de Acuerdos : Ministerio de Salud &#8211; Gobiernos Regionales: Redes Integradas de Salud y Seguro Integral de Salud (XXVII Reuni\u00f3n Ordinaria Comisi\u00f3n Intergubernamentalde Salud &#8211; CIGS ,  Lima 02-03 de Junio de 2018)<\/a><\/li>\n<li><a href=\"http:\/\/www.saludarequipa.gob.pe\/aclas\/archivos\/2018\/Incore con - 2018.pptx\"  rel=\"noopener\">Indice de Competitividad Regional<\/a><\/li>\n<li><a style=\"color: #c82300;\" href=\"http:\/\/www.saludarequipa.gob.pe\/aclas\/archivos\/2018\/CIG NBA  MAYO 2018.pdf\" target=\"_BLANK\" rel=\"noopener\">Acta de Reuni\u00f3n de Comit\u00e9 Integrado de Gesti\u00f3n del Nivel B\u00e1sico de Atenci\u00f3n CIG-NBA (MAY 2018)<\/a><\/li>\n<li><a style=\"color: #c82300;\" href=\"http:\/\/www.saludarequipa.gob.pe\/aclas\/archivos\/2018\/CIG ABRIL 2018.pdf\" target=\"_BLANK\" rel=\"noopener\">Acta de Reuni\u00f3n de Comit\u00e9 Integrado de Gesti\u00f3n del Nivel B\u00e1sico de Atenci\u00f3n CIG-NBA (ABR 2018)<\/a><\/li>\n<li><a href=\"http:\/\/www.saludarequipa.gob.pe\/aclas\/archivos\/2018\/17 CUADRO SANEAMIENTO-todas las redes.docx\" rel=\"noopener\">Cuadro de Saneamiento de Terrenos Todas las Redes (06 JUN 2018)<\/a><\/li>\n<li><a style=\"color: #c82300;\" href=\"http:\/\/www.saludarequipa.gob.pe\/aclas\/archivos\/2018\/Acta de Reunion Comite Integrado CIG-NBA marzo.pdf\" target=\"_blank\" rel=\"noopener\">Acta de Reuni\u00f3n de Comit\u00e9 Integrado de Gesti\u00f3n del Nivel B\u00e1sico de Atenci\u00f3n CIG-NBA (MAR 2018).<\/a><\/li>\n<li><a style=\"color: #c82300;\" href=\"http:\/\/www.saludarequipa.gob.pe\/aclas\/archivos\/2018\/Acta de Reunion Comite Integrado CIG-NBA feb.pdf\" target=\"_blank\" rel=\"noopener\">Acta de Reuni\u00f3n de Comit\u00e9 Integrado de Gesti\u00f3n del Nivel B\u00e1sico de Atenci\u00f3n CIG-NBA (FEB 2018).<\/a><\/li>\n<li><a href=\"http:\/\/www.saludarequipa.gob.pe\/aclas\/archivos\/2018\/anemia 2018.pptx\" rel=\"noopener\">Microredes Anemia 2016-2017<\/a><\/li>\n<li><a href=\"http:\/\/www.saludarequipa.gob.pe\/aclas\/archivos\/2018\/Anemia ENDES 2017.pptx\" rel=\"noopener\">Anemia ENDES 2016-2017<\/a><\/li>\n<li><a href=\"http:\/\/www.saludarequipa.gob.pe\/aclas\/archivos\/2018\/CNB 2017.pptx\" rel=\"noopener\">CNB 2017<\/a><\/li>\n<li><a href=\"http:\/\/www.saludarequipa.gob.pe\/aclas\/archivos\/2018\/DEFENSORIA.pptx\" rel=\"noopener\">Supervisi\u00f3n Nacional de la Defensor\u00eda a los Establecimientos de Salud Estrat\u00e9gicos &#8211; AGO 2017<\/a><\/li>\n<li><a href=\"http:\/\/www.saludarequipa.gob.pe\/aclas\/archivos\/2018\/DIRECTIVA DIREMID-ULTIMA-FINAL.docx\" rel=\"noopener\">Apertura y Funcionamiento de Establecimientos Farmaceuticos en las Asociaciones Comunidades Locales de Administraci\u00f3n de Servicios de Salud (CLAS) del \u00c1mbito de la GERESA<\/a><\/li>\n<li><a href=\"http:\/\/www.saludarequipa.gob.pe\/aclas\/archivos\/2018\/ESTABLECIMIENTOS AMIGOS DE LA MADRE LA NI\u00d1A Y EL NI\u00d1O.pptx\" rel=\"noopener\">Certificaci\u00f3n de Establecimientos Amigos de la Madre la Ni\u00f1a y el Ni\u00f1o<\/a><\/li>\n<li><a href=\"http:\/\/www.saludarequipa.gob.pe\/aclas\/archivos\/2018\/MI, ID, CM CDG 2017 (1).docx\" rel=\"noopener\">Directiva Administrativa Para la Evaluaci\u00f3n de las Metas Institucionales, Indicadores de Desempe\u00f1o y Compromisos de Mejora de los Servicios, Para la Entrega Econ\u00f3mico del A\u00f1o 2017<\/a><\/li>\n<li><a style=\"color: #c82300;\" href=\"http:\/\/www.saludarequipa.gob.pe\/aclas\/archivos\/2017\/Acta de Reunion Comite Integrado CIG-NBA dic.pdf\" target=\"_blank\" rel=\"noopener\">Acta de Reuni\u00f3n de Comit\u00e9 Integrado de Gesti\u00f3n del Nivel B\u00e1sico de Atenci\u00f3n CIG-NBA (ENE 2018).<\/a><\/li>\n<\/ul>\n<h4>2017<\/h4>\n<ul>\n<li><a href=\"http:\/\/www.saludarequipa.gob.pe\/aclas\/archivos\/2017\/acta 14dic2017.pdf\" target=\"_blank\" rel=\"noopener\">Acta de Reuni\u00f3n de Comit\u00e9 Integrado de Gesti\u00f3n del Nivel B\u00e1sico de Atenci\u00f3n CIG-NBA (NOV 2017).<\/a><\/li>\n<li><a href=\"http:\/\/www.saludarequipa.gob.pe\/aclas\/archivos\/2017\/Acta de Reuni\u00f3n de Comite Integrado Octubre 2017.pdf\" target=\"_blank\" rel=\"noopener\">Acta de Reuni\u00f3n de Comit\u00e9 Integrado de Gesti\u00f3n del Nivel B\u00e1sico de Atenci\u00f3n CIG-NBA (OCT 2017).<\/a><\/li>\n<li><a href=\"http:\/\/www.saludarequipa.gob.pe\/aclas\/archivos\/2017\/Nueva Propuesta de Financiamiento oct 2017.pptx\" rel=\"noopener\">Propuesta Nuevo Convenio SIS .<\/a><\/li>\n<li><a href=\"http:\/\/www.saludarequipa.gob.pe\/aclas\/archivos\/2017\/RESOLUCION 976 2017 desp.pdf\" target=\"_blank\" rel=\"noopener\">Resolucion para Regular la Inscripcion Registro y Clasificacion del Transporte Asistido (Ambulancia). Pacientes Via Terrestre<\/a><\/li>\n<li><a href=\"http:\/\/www.saludarequipa.gob.pe\/aclas\/archivos\/2017\/ACTA CIG NBA SET.pdf\" target=\"_blank\" rel=\"noopener\"><br \/>\n<\/a><\/li>\n<li><a href=\"http:\/\/www.saludarequipa.gob.pe\/aclas\/archivos\/2017\/ACTA CIG NBA SET.pdf\" target=\"_blank\" rel=\"noopener\">Acta de Reuni\u00f3n de Comit\u00e9 Integrado de Gesti\u00f3n del Nivel B\u00e1sico de Atenci\u00f3n CIG-NBA (SET 2017)<\/a>\n<ul>\n<li><a href=\"http:\/\/www.saludarequipa.gob.pe\/aclas\/archivos\/2017\/AVANCE DE ACTUALIZACION IPRESS AL 26 09 17.xlsx\" rel=\"noopener\">Avance de la actualizaci\u00f3n de las IPRESS de las 4 redes.<\/a><\/li>\n<li><a href=\"..\/archivos\/2017\/NOMINA REGIONAL AGOSTO 2017.xlsx\" target=\"_blank\" rel=\"noopener\">NOMINA REGIONAL DE PERSONAL A AGOSTO 2017<\/a><\/li>\n<li><a href=\"..\/archivos\/2017\/Exposicion CLINIBUS.pptx\" rel=\"noopener\">Exposicion CLINIBUS.pptx<\/a><\/li>\n<\/ul>\n<\/li>\n<li><a href=\"..\/archivos\/2017\/Reglamento Interno CIG NBA.pdf\" target=\"_blank\" rel=\"noopener\">Resoluci\u00f3n Gerencial Regional de Salud N\u00ba 0189-2017 Que APRUEBA el: Reglamento Interno de Funcionamiento del Comit\u00e9 de Gesti\u00f3n de las Microredes y de los Comit\u00e9s T\u00e9cnicos de los Establecimientos del Nivel B\u00e1sico de Atenci\u00f3n de la Gernecia de Salud Arequipa<\/a><\/li>\n<li><a href=\"..\/archivos\/2017\/acta de reunion cig nba.pdf\" target=\"_blank\" rel=\"noopener\"><br \/>\n<\/a><\/li>\n<li><a href=\"..\/archivos\/2017\/acta de reunion cig nba.pdf\" target=\"_blank\" rel=\"noopener\">Acta de Reuni\u00f3n de Comit\u00e9 Integrado de Gesti\u00f3n del Nivel B\u00e1sico de Atenci\u00f3n CIG-NBA (AGO 2017)<\/a><\/li>\n<li><\/li>\n<li>\n<ul>\n<li><a href=\"..\/archivos\/2017\/LISTADO INFORMACION SOBRE NO SANEADOS.pdf\" target=\"_blank\" rel=\"noopener\">Estado Situacional el Saneamiento de los EE.SS.<\/a><\/li>\n<li><a href=\"..\/archivos\/2017\/Mantenimiento de la infraestructura p\u00fablica de salud,.pdf\" target=\"_blank\" rel=\"noopener\">Mantenimiento de la Infraestructura P\u00fablica de Salud EE.SS.<\/a><\/li>\n<li><a href=\"..\/archivos\/2017\/proyecto de referencias y contrareferencias ambulancias.pdf\" target=\"_blank\" rel=\"noopener\">Proyecto de Mejoramiento del Sistema de Referencias y Contrarreferencias.<\/a><\/li>\n<li><a href=\"..\/archivos\/2017\/saneamiento de es geresa.pdf\" target=\"_blank\" rel=\"noopener\">Saneamiento de los EE.SS.<\/a><\/li>\n<li><a href=\"http:\/\/www.saludarequipa.gob.pe\/aclas\/archivos\/2017\/Resultados julio anemia.pdf\" target=\"_blank\" rel=\"noopener\">Anemia en Ni\u00f1os de 6 a 35 meses atendidos.<\/a><\/li>\n<\/ul>\n<\/li>\n<\/ul>\n<ul>\n<li><a href=\"..\/archivos\/2017\/CONVENIO MARCO_COGESTION.docx\">Convenio Marco De Cogestion Entre: El Gobierno Regional De Arequipa, Gobierno Local Y Asociaci\u00f3n Clas <\/a><\/li>\n<\/ul>\n<ul>\n<li><a href=\"..\/archivos\/2017\/Acta de Reunion de CIG-NBA.pdf\" target=\"_blank\" rel=\"noopener\">Acta de Reuni\u00f3n de Comite Integrado de Gesti\u00f3n del nivel B\u00e1sico de Atenci\u00f3n &#8211; 24 de Junio 2017 <\/a><\/li>\n<\/ul>\n<ul>\n<li><a href=\"..\/archivos\/REGLAMENTO%20INTERNO%20DE%20FUNCIONAMIENTO%20DEL%20COMIT%C3%89%20DE%20GESTI%C3%93N%20DE%20LAS%20MICROREDES%20Y%20DE%20LOS%20COMITES%20TECNICOS%20DE%20LOS%20ESTABLECIMIENTOS%20DEL%20NIVEL%20BASICO%20DE%20ATENCION%20DE%20LA%20GERESA%20-%202017.pdf\" target=\"_blank\" rel=\"noopener noreferrer\">REGLAMENTO INTERNO DE FUNCIONAMIENTO DEL COMIT\u00c9 DE GESTI\u00d3N DE LAS MICROREDES Y DE LOS COMITES TECNICOS DE LOS ESTABLECIMIENTOS DEL NIVEL BASICO DE ATENCION DE LA GERESA &#8211; 2017<\/a><\/li>\n<\/ul>\n<h4>2016<\/h4>\n<ul>\n<li><a href=\"..\/archivos\/GU%C3%8DA%20DE%20EVALUACI%C3%93N%20T%C3%89CNICA%20CLAS%202016.pdf\" target=\"_blank\" rel=\"noopener noreferrer\">GU\u00cdA DE EVALUACI\u00d3N T\u00c9CNICA CLAS 2016<\/a><\/li>\n<li><a href=\"..\/archivos\/SITUACION%20ACTUAL%20CLAS%20DIC%202016.pdf\" target=\"_blank\" rel=\"noopener noreferrer\">SITUACION ACTUAL CLAS DIC 2016<\/a><\/li>\n<\/ul>\n<h4>2015<\/h4>\n<ul>\n<li><a href=\"..\/archivos\/INSTRUCTIVO%20CIERRE%20DE%20GESTI%C3%93N%20CLAS%202015.pdf\" target=\"_blank\" rel=\"noopener noreferrer\">INSTRUCTIVO CIERRE DE GESTI\u00d3N CLAS 2015<\/a><\/li>\n<li><a href=\"..\/archivos\/PROPUESTA%20CONVENIO%20DE%20COGESTION%202015.pdf\" target=\"_blank\" rel=\"noopener noreferrer\">PROPUESTA CONVENIO DE COGESTION 2015<\/a><\/li>\n<\/ul>\n<h4>2014<\/h4>\n<ul>\n<li><a href=\"..\/archivos\/GU%C3%8DA%20DE%20EVALUACI%C3%93N%20T%C3%89CNICA%20CLAS%202014.pdf\" target=\"_blank\" rel=\"noopener noreferrer\">GU\u00cdA DE EVALUACI\u00d3N T\u00c9CNICA CLAS 2014<\/a><\/li>\n<li><a href=\"..\/archivos\/INSTRUCTIVO%20CIERRE%20DE%20GESTI%C3%93N%20CLAS%202014.pdf\" target=\"_blank\" rel=\"noopener noreferrer\">INSTRUCTIVO CIERRE DE GESTI\u00d3N CLAS 2014<\/a><\/li>\n<li><a href=\"..\/archivos\/ORDENANZA%20REGIONAL%20Nro.%20287%20-%20MEDIDAS%20A%20LA%20FORMALIZACI%C3%93N%20DE%20LA%20CONTRATACI%C3%93N%20LABORAL%20EN%20LOS%20EESS%20A%20CARGO%20DEL%20GOBIERNO%20REGIONAL%20DE%20AREQUIPA.pdf\" target=\"_blank\" rel=\"noopener noreferrer\">ORDENANZA REGIONAL Nro. 287 &#8211; MEDIDAS A LA FORMALIZACI\u00d3N DE LA CONTRATACI\u00d3N LABORAL EN LOS EESS A CARGO DEL GOBIERNO REGIONAL DE AREQUIPA<\/a><\/li>\n<\/ul>\n<h4>2013<\/h4>\n<ul>\n<li><a href=\"..\/archivos\/DIRECTIVA DE PRESELECCI\u00d3N Y EVALUACION DE GERENTE Nro 003-2013.pdf\" target=\"_blank\" rel=\"noopener noreferrer\">DIRECTIVA DE PRESELECCI\u00d3N Y EVALUACION DE GERENTE Nro 003-2013<\/a><\/li>\n<\/ul>\n<h4>2010<\/h4>\n<ul>\n<li style=\"list-style: none;\"><a href=\"..\/archivos\/RESOLUCI%C3%93N%20DE%20APROBACI%C3%93N%20DE%20LA%20DIRECTIVA%20NRO%20010-2010.pdf\" target=\"_blank\" rel=\"noopener noreferrer\">RESOLUCI\u00d3N DE APROBACI\u00d3N DE LA DIRECTIVA NRO 010-2010 \u201cLINEAMIENTOS PARA LA IMPLEMENTACI\u00d3N DE LA LEY NRO 29124 Y SU REGLAMENTO DECRETO SUPREMO NRO 017-2008-SA, LEY DE COGESTI\u00d3N Y PARTICIPACI\u00d3N CIUDADANA PARA EL PRIMER NIVEL DE ATENCI\u00d3N EN LOS EESS EN EL GOBIERNO REGIONAL DE AREQUIPA\u201d.<\/a><\/li>\n<\/ul>\n<h4>2008<\/h4>\n<ul>\n<li><a href=\"..\/archivos\/D.S.%20APRUEBAN%20EL%20REGLAMENTO%20DE%20LA%20LEY%20Nro.%2029124,%20QUE%20ESTABLECE%20LA%20COGESTI%C3%93N%20Y%20PARTICIPACI%C3%93N%20CIUDADANA%20PARA%20EL%20PRIMER%20NIVEL%20DE%20ATENCI%C3%93N%20EN%20LOS%20EESS%20EN%20EL%20MINSA%20Y%20DE%20LAS%20REGIONES%20Nro%20017-2008.pdf\" target=\"_blank\" rel=\"noopener noreferrer\">D.S. APRUEBAN EL REGLAMENTO DE LA LEY Nro. 29124, QUE ESTABLECE LA COGESTI\u00d3N Y PARTICIPACI\u00d3N CIUDADANA PARA EL PRIMER NIVEL DE ATENCI\u00d3N EN LOS EESS EN EL MINSA Y DE LAS REGIONES Nro 017-2008<\/a><\/li>\n<\/ul>\n<h4>2007<\/h4>\n<ul>\n<li><a href=\"..\/archivos\/LEY%20QUE%20ESTABLECE%20LA%20COGESTI%C3%93N%20Y%20PARTICIPACI%C3%93N%20CIUDADANA%20PARA%20EL%20PRIMER%20NIVEL%20DE%20ATENCI%C3%93N%20EN%20LOS%20EESS%20EN%20EL%20MINSA%20Y%20DE%20LAS%20REGIONES.pdf\" target=\"_blank\" rel=\"noopener noreferrer\">LEY QUE ESTABLECE LA COGESTI\u00d3N Y PARTICIPACI\u00d3N CIUDADANA PARA EL PRIMER NIVEL DE ATENCI\u00d3N EN LOS EESS EN EL MINSA Y DE LAS REGIONES Ley Nro 29124<br \/>\n<\/a><\/li>\n<\/ul>\n<h4>2006<\/h4>\n<ul>\n<li style=\"list-style: none;\"><a href=\"..\/archivos\/Directiva%20Competencias%20a%20Desarrollar%20en%20la%20GERESA%20y%20Redes%20en%20el%20Marco%20de%20Administracion%20Compartida%20Nro%20005-2016.pdf\" target=\"_blank\" rel=\"noopener noreferrer\">DIRECTIVA COMPETENCIAS A DESARROLLAR EN LA GERESA Y REDES EN EL MARCO DE ADMINISTRACION COMPARTIDA Nro 005-2016<\/a><\/li>\n<\/ul>\n<div style=\"margin-left: 2em;\"><\/div>\n","protected":false},"excerpt":{"rendered":"<p>2020 Acta de Reuni\u00f3n de Comit\u00e9 Integrado de Gesti\u00f3n del Nivel B\u00e1sico de Atenci\u00f3n CIG-NBA (ENERO &#8211; 2020) Presentaci\u00f3n Anemia a Diciembre 2019 (ENERO &#8211; 2020) Presentaci\u00f3n TELESALUD (ENERO &#8211; 2020) Presentaci\u00f3n Seguro Integral de Salud SIS (ENERO &#8211; 2020) 2019 Acta de Reuni\u00f3n de Comit\u00e9 Integrado de Gesti\u00f3n del Nivel B\u00e1sico de Atenci\u00f3n CIG-NBA [&hellip;]<\/p>\n","protected":false},"author":1,"featured_media":0,"parent":0,"menu_order":0,"comment_status":"closed","ping_status":"closed","template":"","meta":{"footnotes":""},"class_list":["post-120","page","type-page","status-publish","hentry"],"_links":{"self":[{"href":"https:\/\/www.saludarequipa.gob.pe\/aclas\/wp-json\/wp\/v2\/pages\/120","targetHints":{"allow":["GET"]}}],"collection":[{"href":"https:\/\/www.saludarequipa.gob.pe\/aclas\/wp-json\/wp\/v2\/pages"}],"about":[{"href":"https:\/\/www.saludarequipa.gob.pe\/aclas\/wp-json\/wp\/v2\/types\/page"}],"author":[{"embeddable":true,"href":"https:\/\/www.saludarequipa.gob.pe\/aclas\/wp-json\/wp\/v2\/users\/1"}],"replies":[{"embeddable":true,"href":"https:\/\/www.saludarequipa.gob.pe\/aclas\/wp-json\/wp\/v2\/comments?post=120"}],"version-history":[{"count":76,"href":"https:\/\/www.saludarequipa.gob.pe\/aclas\/wp-json\/wp\/v2\/pages\/120\/revisions"}],"predecessor-version":[{"id":382,"href":"https:\/\/www.saludarequipa.gob.pe\/aclas\/wp-json\/wp\/v2\/pages\/120\/revisions\/382"}],"wp:attachment":[{"href":"https:\/\/www.saludarequipa.gob.pe\/aclas\/wp-json\/wp\/v2\/media?parent=120"}],"curies":[{"name":"wp","href":"https:\/\/api.w.org\/{rel}","templated":true}]}}